{"id":6,"date":"2016-08-01T16:19:16","date_gmt":"2016-08-01T15:19:16","guid":{"rendered":"http:\/\/www.gabrielsobin.com\/?page_id=6"},"modified":"2024-02-07T14:39:22","modified_gmt":"2024-02-07T14:39:22","slug":"about","status":"publish","type":"page","link":"https:\/\/www.gabrielsobin.com\/?page_id=6","title":{"rendered":"About"},"content":{"rendered":"\n<figure class=\"wp-block-image\"><img loading=\"lazy\" decoding=\"async\" width=\"800\" height=\"1200\" src=\"http:\/\/www.gabrielsobin.com\/wp-content\/uploads\/2023\/12\/Gabriel-Sobin-by-Gabi-Connole.jpg\" alt=\"\" class=\"wp-image-581\" srcset=\"https:\/\/www.gabrielsobin.com\/wp-content\/uploads\/2023\/12\/Gabriel-Sobin-by-Gabi-Connole.jpg 800w, https:\/\/www.gabrielsobin.com\/wp-content\/uploads\/2023\/12\/Gabriel-Sobin-by-Gabi-Connole-200x300.jpg 200w, https:\/\/www.gabrielsobin.com\/wp-content\/uploads\/2023\/12\/Gabriel-Sobin-by-Gabi-Connole-683x1024.jpg 683w, https:\/\/www.gabrielsobin.com\/wp-content\/uploads\/2023\/12\/Gabriel-Sobin-by-Gabi-Connole-768x1152.jpg 768w\" sizes=\"auto, (max-width: 800px) 100vw, 800px\" \/><\/figure>\n\n\n\n<p>Gabriel Sobin was born in 1971 in Salon de Provence, France, to an english mother and an american father.<br>Studied at \u00c9cole d\u2019Arts Appliqu\u00e9s Olivier de Serres and \u00c9cole Camondo. Lived in New-York for several years before returning to Provence in the mid 90\u2019s, to find his way through sculpture.<\/p>\n\n\n\n<p>Photo by Gabi Connole<\/p>\n\n\n\n<hr class=\"wp-block-separator has-alpha-channel-opacity\"\/>\n\n\n\n<h3 class=\"wp-block-heading\">Curriculum<\/h3>\n\n\n\n<div style=\"height:50px\" aria-hidden=\"true\" class=\"wp-block-spacer\"><\/div>\n\n\n\n<p>Born in Salon de Provence, en 1971<\/p>\n\n\n\n<h5 class=\"wp-block-heading\"><strong>STUDIES<\/strong><\/h5>\n\n\n\n<h5 class=\"wp-block-heading\">1990<\/h5>\n\n\n\n<ul class=\"wp-block-list\">\n<li>Applied Arts Olivier de Serres, Paris<\/li>\n<\/ul>\n\n\n\n<h5 class=\"wp-block-heading\">1991\/1992<\/h5>\n\n\n\n<ul class=\"wp-block-list\">\n<li>Camondo school, Paris<\/li>\n<\/ul>\n\n\n\n<h5 class=\"wp-block-heading\">1992\/1993<\/h5>\n\n\n\n<ul class=\"wp-block-list\">\n<li>props building for Izquierdo Studios, New-York<\/li>\n<\/ul>\n\n\n\n<h5 class=\"wp-block-heading\">1993\/1994<\/h5>\n\n\n\n<ul class=\"wp-block-list\">\n<li>resident and assistant at Thicket gallery, New-York<\/li>\n<\/ul>\n\n\n\n<div style=\"height:50px\" aria-hidden=\"true\" class=\"wp-block-spacer\"><\/div>\n\n\n\n<h5 class=\"wp-block-heading\">2023<\/h5>\n\n\n\n<ul class=\"wp-block-list\">\n<li>Un Lieu Une Oeuvre M\u00e9nerbes Septembre \/Octobre<\/li>\n\n\n\n<li>Sculptures en exposition permanente et temporaire dans le nouveau lounge Star Alliance \u00e0 Paris-Roissy \u00e0 partir d\u2019Octobre<\/li>\n\n\n\n<li>Hotel Campredon, Isle-sur-Sorgue Exposition Gravit\u00e9 (z\u00e9ro)\/ Avril \u00e0 Octobre<\/li>\n\n\n\n<li>Villa Datris, Isle-sur-Sorgue : Mouvement et Lumi\u00e8re\/ Mai \u00e0 Novembre<\/li>\n\n\n\n<li>Mus\u00e9e de L\u2019Homme, Paris : Exposition dans le cadre des Arts de la Pr\u00e9histoire, et l\u2019influence de la V\u00e9nus de Lespugue sur l\u2019art moderne et contemporain.<br>Ouverture de Picasso et la Pr\u00e9histoire sur le m\u00eame \u00e9tage\/ Jusqu\u2019\u00e0 Mai 2023<\/li>\n<\/ul>\n\n\n\n<h5 class=\"wp-block-heading\">2022<\/h5>\n\n\n\n<ul class=\"wp-block-list\">\n<li>Exposition Dans les Plis du Temps avec Spaceless Galerie en duo avec F\u00e9licie<br>d\u2019Estienne d\u2019Orves, rue St Claude, Paris 3 \u00e8me .<\/li>\n\n\n\n<li>Mus\u00e9e de L\u2019Homme, Paris: Les Arts de la Pr\u00e9histoire, 3 sculptures expos\u00e9es<br>dans le cadre de la c\u00e9l\u00e9bration du centenaire de la d\u00e9couverte de la V\u00e9nus de<br>Lespugue\/ Novembre 2022 \u00e0 Mai 2023<\/li>\n\n\n\n<li>Art Lacoste, Avril<\/li>\n<\/ul>\n\n\n\n<h5 class=\"wp-block-heading\">2021<\/h5>\n\n\n\n<ul class=\"wp-block-list\">\n<li>Fondation Taylor, Paris \/ Novembre \u00e0 D\u00e9cembre<\/li>\n\n\n\n<li>Art Lacoste, Juillet<\/li>\n<\/ul>\n\n\n\n<h5 class=\"wp-block-heading\">2020<\/h5>\n\n\n\n<ul class=\"wp-block-list\">\n<li>Exposition solo \u00e0 Galerie 55 Bellechasse, en Septembre<\/li>\n<\/ul>\n\n\n\n<h5 class=\"wp-block-heading\">2019<\/h5>\n\n\n\n<ul class=\"wp-block-list\">\n<li>Art Lacoste, Pacques : hommage \u00e0 ma m\u00e8re Susanna Bott Sobin,<br>peintre, qui nous a quitt\u00e9 en 2018.<\/li>\n\n\n\n<li>Maison Dora Maar \u00e0 M\u00e9nerbes, , Avril<\/li>\n\n\n\n<li>Villa Datris : Exposition B\u00eates de Sc\u00e8ne Mai \u00e0 Novembre.<\/li>\n\n\n\n<li>Exposition solo \u00e0 la nouvelle Office de Tourisme d\u2019Apt 84 Juin<\/li>\n\n\n\n<li>Espace Monte-Christo, Paris exposition Mare Nostrum : identit\u00e9s m\u00e9diterrann\u00e9ennes, et rencontre\/conf\u00e9rence sur mon travail<\/li>\n<\/ul>\n\n\n\n<h5 class=\"wp-block-heading\">2018<\/h5>\n\n\n\n<ul class=\"wp-block-list\">\n<li>Exposition Mirages \u00e0 l\u2019Orangerie du S\u00e9nat \u00e0 Paris, jardin du Luxembourg, fin Juin\/d\u00e9but Juillet<\/li>\n<\/ul>\n\n\n\n<h5 class=\"wp-block-heading\">2017<\/h5>\n\n\n\n<ul class=\"wp-block-list\">\n<li>Art Lacoste, Avril<\/li>\n\n\n\n<li>Villa Datris : exposition De Nature en Sculpture, Mai \u00e0 Novembre<\/li>\n\n\n\n<li>Aix en Provence : Le Cercle des Arts, exposition sur le th\u00eame<br>du papier, Mai<\/li>\n\n\n\n<li>Lourmarin, galerie Adel, sculptures en exposition,Juin \u00e0 Novembre<\/li>\n\n\n\n<li>R\u00e9installation de A\u00e9ronautile, sculpture \u00e9olienne r\u00e9alis\u00e9e avec les enfants du village avec le concours de la Fondation de France<\/li>\n\n\n\n<li>Le Cercle des Arts, Aix en Provence : exposition sur le th\u00eame<br>du portrait<\/li>\n\n\n\n<li>Paris : Exposition de groupe \u00e0 Fondation Taylor, th\u00eame Abstraction : Octobre\/ Novembre<\/li>\n<\/ul>\n\n\n\n<h5 class=\"wp-block-heading\">2016<\/h5>\n\n\n\n<ul class=\"wp-block-list\">\n<li>Art Lacoste , Avril<\/li>\n\n\n\n<li>Villa Datris, Sculptures en Partage, Avril\/Octobre<\/li>\n\n\n\n<li>Nouveau livre sur mon travail, A Way Through Les Murs de la Tuili\u00e8re, St Marcellin les Vaison, pour les Journ\u00e9es du Patrimoine. Septembre<\/li>\n\n\n\n<li>La Frontiera, Paris, Octobre \/D\u00e9cembre<\/li>\n\n\n\n<li>Cadenza Onirica, Reims, performance musicale structur\u00e9e par 3 plasticiens, Novembre<\/li>\n<\/ul>\n\n\n\n<h5 class=\"wp-block-heading\">2015<\/h5>\n\n\n\n<ul class=\"wp-block-list\">\n<li>Art Lacoste, Avril<\/li>\n\n\n\n<li>Villa Datris, Architecture et Sculpture, Isle sur la Sorgue, Installation en Papier de Pierre, Mai \u00e0 Octobre<\/li>\n\n\n\n<li>Carri\u00e8res St Symphorien, Bonnieux, Installation monumentale en Papier de Pierre, Juin \u00e0 Septembre<\/li>\n\n\n\n<li>Les Murs de la Tuili\u00e8re, St Marcellin les Vaisons, journ\u00e9es du Patrimoine<\/li>\n<\/ul>\n\n\n\n<h5 class=\"wp-block-heading\">2014<\/h5>\n\n\n\n<ul class=\"wp-block-list\">\n<li>Simiane la Rotonde, galerie La Maison de Brian Art Lacoste, Avril<\/li>\n\n\n\n<li>Exposition \/ groupe galerie Deprez-Bellorget, rue de Seine<\/li>\n<\/ul>\n\n\n\n<h5 class=\"wp-block-heading\">2013<\/h5>\n\n\n\n<ul class=\"wp-block-list\">\n<li>Isle sur Sorgues Octobre \u00e0 D\u00e9cembre<\/li>\n\n\n\n<li>Exposition avec Esther Sobin \u00e0 galerie DNR Villeneuve les Avignon, Septembre<\/li>\n\n\n\n<li>Abbyac : expo de groupe dans les jardins de l\u2019abbaye<\/li>\n\n\n\n<li>Avignon: Juillet \u00e0 Septembre<\/li>\n\n\n\n<li>Aube et Cr\u00e9puscule: Exposition avec le Conseil G\u00e9n\u00e9ral du Vaucluse dans deux cours de la ville, avec B\u00e9atrice.Arthus- Bertrand<\/li>\n\n\n\n<li>Confrontations Monumentales: expo de groupe en plein air Juillet\/Aout \u00e0 M\u00e9nerbes, organis\u00e9e par Galerie Lynz (Paris) et galerie Pascal Lain\u00e9 (M\u00e9nerbes) Avril<\/li>\n\n\n\n<li>Art Lacoste, exposition des artistes du village<\/li>\n<\/ul>\n\n\n\n<h5 class=\"wp-block-heading\">2012<\/h5>\n\n\n\n<ul class=\"wp-block-list\">\n<li>Commande de sculpture \u00e9olienne pour Villa Datris (fondation pour la sculpture contemporaine) Isle sur Sorgues, 84<\/li>\n\n\n\n<li>Octobre\/Novembre Location de 4 sculptures pour d\u00e9cors de la s\u00e9rie TV La Source ( France 2), r\u00e9alis\u00e9e par Xavier Duringer<\/li>\n\n\n\n<li>Mai \u00e0 Octobre The Garden Gallery, UK, expo de groupe,<\/li>\n\n\n\n<li>Aout, Expo de groupe \u00e0 Lagos ,Algarve, Portugal, en hommage \u00e0 Corn\u00e9lia du Marais, peintre et \u00e9crivain<\/li>\n\n\n\n<li>Juin, Installation (permanente) et ignauguration d\u2019une sculpture \/\u00e9olienne \u00e0 l\u2019entr\u00e9e du village de la commune de Lacoste;<\/li>\n\n\n\n<li>Avril, Un Lieu, Une Oeuvre, \u00e0 M\u00e9nerbes, 84 nouveau projet<\/li>\n\n\n\n<li>Avril, Art Lacoste, 84, exposition annuelle des artistes de Lacoste<\/li>\n<\/ul>\n\n\n\n<h5 class=\"wp-block-heading\">2011<\/h5>\n\n\n\n<ul class=\"wp-block-list\">\n<li>F\u00e9vrier, 3 sculptures acquises par Villa Datris ( fondation pour la sculpture contemporaine) Isle sur Sorgues, 84<\/li>\n\n\n\n<li>Mai \u00e0 Octobre, Garden Gallery, UK, expo de groupe<\/li>\n\n\n\n<li>Avril Art Lacoste, expo de groupe des artistes de Lacoste<\/li>\n\n\n\n<li>F\u00e9vrier Un Lieu\/Une Oeuvre \u00e0 M\u00e9nerbes,<\/li>\n\n\n\n<li>Oeuvre\/ hommage \u00e0 mon p\u00e8re Gustaf Sobin<\/li>\n<\/ul>\n\n\n\n<h5 class=\"wp-block-heading\"><strong>2<\/strong>010<\/h5>\n\n\n\n<ul class=\"wp-block-list\">\n<li>Juillet, Naissance de ma fille, Khiara<\/li>\n\n\n\n<li>Avril, Art Lacoste, des artistes du village de Lacoste<\/li>\n<\/ul>\n\n\n\n<h5 class=\"wp-block-heading\">2009<\/h5>\n\n\n\n<ul class=\"wp-block-list\">\n<li>Avril, Art Lacoste, exposition des artistes de Lacoste<\/li>\n\n\n\n<li>Novembre, Edition de livre \u00ab Gabriel Sobin, Sculptural Works \u00bb<\/li>\n<\/ul>\n\n\n\n<h5 class=\"wp-block-heading\">2008<\/h5>\n\n\n\n<ul class=\"wp-block-list\">\n<li>Novembre ( 2007) \u00e0 Avril, R\u00e9alisation de sculpture monumentale pour le parc Samsara \u00e0 Roussillon, 84<\/li>\n<\/ul>\n\n\n\n<h5 class=\"wp-block-heading\">2007\/2006<\/h5>\n\n\n\n<ul class=\"wp-block-list\">\n<li>Juin \/Juillet, Exposition de groupe au Ch\u00e2teau La Nerthe Chateauneuf du Pape<\/li>\n<\/ul>\n\n\n\n<h5 class=\"wp-block-heading\">2006<\/h5>\n\n\n\n<ul class=\"wp-block-list\">\n<li>Avril\/Mai<br>Ville d\u2019Apt : galerie Fernand Bourgeois : r\u00e9alisation<br>d\u2019installation \u00e9ph\u00e9m\u00e8re<\/li>\n<\/ul>\n\n\n\n<h5 class=\"wp-block-heading\">2005<\/h5>\n\n\n\n<ul class=\"wp-block-list\">\n<li>Avril, Expo de groupe \u00e0 Digne, pour Energies Renouvelables avec A pour un monde<\/li>\n<\/ul>\n\n\n\n<h5 class=\"wp-block-heading\">2004<\/h5>\n\n\n\n<ul class=\"wp-block-list\">\n<li>Avril Expo solo \u00e0 galerie Pfriem , Scad Lacoste, 84 Ainsi que r\u00e9sidence\/r\u00e9alisation d\u2019une installation \u00e9ph\u00e9m\u00e8re<\/li>\n\n\n\n<li>Avril \u00e0 Septembre, R\u00e9alisation de sculpture \u00e9olienne avec les enfants de l\u2019\u00e9cole de Lacoste : A\u00e9rorautile, mis en place par le<br>Foyer Rural, et le soutien de la Fondation de France<\/li>\n<\/ul>\n\n\n\n<h5 class=\"wp-block-heading\">2003<\/h5>\n\n\n\n<ul class=\"wp-block-list\">\n<li>Avril, Expo de groupe \u00e0 Artoth\u00e8que, La Treille Muscate, Lacoste<\/li>\n\n\n\n<li>Acquisition d\u2019une oeuvre par Chateau Lafite, en exposition permanente dans le chai souterrain<\/li>\n<\/ul>\n\n\n\n<h5 class=\"wp-block-heading\">2002<\/h5>\n\n\n\n<ul class=\"wp-block-list\">\n<li>Juin, Expo individuelle aux M\u00e9tiers d\u2019Arts \u00e0 C\u00e9ret<\/li>\n\n\n\n<li>Mai, R\u00e9sidence avec CCAS ( bourse d\u2019aide \u00e0 la cr\u00e9ation), Le Brusc, 83<\/li>\n<\/ul>\n\n\n\n<h5 class=\"wp-block-heading\">2001<\/h5>\n\n\n\n<ul class=\"wp-block-list\">\n<li>Juillet\/AOUT, Hors Limites, expo \u00e0 Galerie de LA Gare, Bonnieux, 84 expo de groupe<\/li>\n\n\n\n<li>Mai\/Juin, Expo Parcours de sculptures \u00e0 La Ferme des Arts, Vaison la Romaine 84<\/li>\n\n\n\n<li>Avril, Artoth\u00e8que, Lacoste, 84 Galerie de Sade, Lacoste<\/li>\n<\/ul>\n\n\n\n<h5 class=\"wp-block-heading\">2000<\/h5>\n\n\n\n<ul class=\"wp-block-list\">\n<li>Juin, Artoth\u00e8que , Lacoste 84<\/li>\n\n\n\n<li>Juillet, Expo de groupe La Tour d\u2019argent , Ville de l\u2019Isle sur Sorgues<\/li>\n\n\n\n<li>F\u00e9vrier, Galerie Golding, New-York, expo de groupe<\/li>\n\n\n\n<li>Mars, START, foire art contemporain, Strasbourg Aarts Masters, galerie itin\u00e9rante : Meg\u00e8ve, Londres, St Paul de Vence, Marnaz, Assis<\/li>\n<\/ul>\n\n\n\n<h5 class=\"wp-block-heading\">1999<\/h5>\n\n\n\n<ul class=\"wp-block-list\">\n<li>Juillet, Parcours de sculptures, Cadarache, 13<\/li>\n\n\n\n<li>Mai, L\u2019Art de Mai , Reillane, 04 parcours de sculptures<\/li>\n\n\n\n<li>Juin, Biennale de Vallaurie<\/li>\n\n\n\n<li>Septembre, Aarts Masters M\u00e9g\u00e8ve<\/li>\n<\/ul>\n\n\n\n<h5 class=\"wp-block-heading\">1998<\/h5>\n\n\n\n<ul class=\"wp-block-list\">\n<li>Avril, Expo Jeunes Talents, avec Artifices, Apt, 84<\/li>\n<\/ul>\n","protected":false},"excerpt":{"rendered":"<p>Gabriel Sobin was born in 1971 in Salon de Provence, France, to an english mother and an american father.Studied at <a class=\"read-more\" href=\"https:\/\/www.gabrielsobin.com\/?page_id=6\">| m\u00e1s informaci\u00f3n |<\/a><\/p>\n","protected":false},"author":1,"featured_media":0,"parent":0,"menu_order":0,"comment_status":"closed","ping_status":"closed","template":"","meta":{"footnotes":""},"class_list":["post-6","page","type-page","status-publish","hentry"],"_links":{"self":[{"href":"https:\/\/www.gabrielsobin.com\/index.php?rest_route=\/wp\/v2\/pages\/6","targetHints":{"allow":["GET"]}}],"collection":[{"href":"https:\/\/www.gabrielsobin.com\/index.php?rest_route=\/wp\/v2\/pages"}],"about":[{"href":"https:\/\/www.gabrielsobin.com\/index.php?rest_route=\/wp\/v2\/types\/page"}],"author":[{"embeddable":true,"href":"https:\/\/www.gabrielsobin.com\/index.php?rest_route=\/wp\/v2\/users\/1"}],"replies":[{"embeddable":true,"href":"https:\/\/www.gabrielsobin.com\/index.php?rest_route=%2Fwp%2Fv2%2Fcomments&post=6"}],"version-history":[{"count":89,"href":"https:\/\/www.gabrielsobin.com\/index.php?rest_route=\/wp\/v2\/pages\/6\/revisions"}],"predecessor-version":[{"id":1261,"href":"https:\/\/www.gabrielsobin.com\/index.php?rest_route=\/wp\/v2\/pages\/6\/revisions\/1261"}],"wp:attachment":[{"href":"https:\/\/www.gabrielsobin.com\/index.php?rest_route=%2Fwp%2Fv2%2Fmedia&parent=6"}],"curies":[{"name":"wp","href":"https:\/\/api.w.org\/{rel}","templated":true}]}}